{"id":2562,"date":"2024-07-16T18:21:07","date_gmt":"2024-07-16T18:21:07","guid":{"rendered":"http:\/\/standardspractices.ca\/?page_id=2562"},"modified":"2024-07-17T23:04:55","modified_gmt":"2024-07-17T23:04:55","slug":"normes-et-pratiques","status":"publish","type":"page","link":"https:\/\/standardspractices.ca\/fr\/normes-et-pratiques\/","title":{"rendered":"Normes et pratiques"},"content":{"rendered":"\n<p>Les Normes et pratiques des organismes de conservation du Canada (2019) peuvent \u00eatre t\u00e9l\u00e9charg\u00e9es au format .pdf :<\/p>\n\n\n\n<p><strong>T\u00e9l\u00e9charger &#8211; <a href=\"http:\/\/standardspractices.ca\/wp-content\/uploads\/2024\/07\/SPFrench2019.pdf\">Normes et pratiques des organismes de conservation du Canada (2019)<\/a><\/strong><\/p>\n\n\n\n<p>Le pr\u00e9sent document d\u00e9coule de la modification par l&#8217;ancienne Alliance des organismes de conservation du Canada selon ledocument Land Trust Standards and Practices \u00a9 2017 de la Land Trust Alliance avec l\u2019autorisation de la Land TrustAlliance.<br><\/p>\n\n\n\n<p>L\u2019autorisation de la Land Trust Alliance est n\u00e9cessaire pour r\u00e9imprimer le document Land Trust Standards and Practices prot\u00e9g\u00e9 par le droit d\u2019auteur en vue de l\u2019utiliser \u00e0 des fins autres que la diffusion aupr\u00e8s des membres du conseil d\u2019administration et du personnel des organismes de conservation. L\u2019autorisation du Centre pour la conservation des terres est n\u00e9cessaire pour r\u00e9imprimer le document Normes et pratiques des organismes de conservation du Canada en vue de l\u2019utiliser \u00e0 des fins autres que la diffusion aupr\u00e8s des membres du conseil d\u2019administration et du personnel des organismes de conservation.<\/p>\n","protected":false},"excerpt":{"rendered":"<p>Les Normes et pratiques des organismes de conservation du Canada (2019) peuvent \u00eatre t\u00e9l\u00e9charg\u00e9es au format .pdf : T\u00e9l\u00e9charger &#8211; Normes et pratiques des organismes de conservation du Canada (2019) Le pr\u00e9sent document d\u00e9coule de la modification par l&#8217;ancienne Alliance des organismes de conservation du Canada selon ledocument Land Trust&#8230;<\/p>\n","protected":false},"author":6,"featured_media":0,"parent":0,"menu_order":0,"comment_status":"closed","ping_status":"closed","template":"","meta":{"_acf_changed":false,"footnotes":""},"class_list":["post-2562","page","type-page","status-publish","hentry"],"acf":[],"yoast_head":"<!-- This site is optimized with the Yoast SEO plugin v27.3 - https:\/\/yoast.com\/product\/yoast-seo-wordpress\/ -->\n<title>Normes et pratiques | Land Trust - Assessment Tool \/ Outil d&#039;evaluation<\/title>\n<meta name=\"robots\" content=\"index, follow, max-snippet:-1, max-image-preview:large, max-video-preview:-1\" \/>\n<link rel=\"canonical\" href=\"http:\/\/standardspractices.ca\/fr\/normes-et-pratiques\/\" class=\"yoast-seo-meta-tag\" \/>\n<meta property=\"og:locale\" content=\"fr_FR\" class=\"yoast-seo-meta-tag\" \/>\n<meta property=\"og:type\" content=\"article\" class=\"yoast-seo-meta-tag\" \/>\n<meta property=\"og:title\" content=\"Normes et pratiques | Land Trust - Assessment Tool \/ Outil d&#039;evaluation\" class=\"yoast-seo-meta-tag\" \/>\n<meta property=\"og:description\" content=\"Les Normes et pratiques des organismes de conservation du Canada (2019) peuvent \u00eatre t\u00e9l\u00e9charg\u00e9es au format .pdf : T\u00e9l\u00e9charger &#8211; Normes et pratiques des organismes de conservation du Canada (2019) Le pr\u00e9sent document d\u00e9coule de la modification par l&#8217;ancienne Alliance des organismes de conservation du Canada selon ledocument Land Trust...\" class=\"yoast-seo-meta-tag\" \/>\n<meta property=\"og:url\" content=\"http:\/\/standardspractices.ca\/fr\/normes-et-pratiques\/\" class=\"yoast-seo-meta-tag\" \/>\n<meta property=\"og:site_name\" content=\"Land Trust - Assessment Tool \/ Outil d&#039;evaluation\" class=\"yoast-seo-meta-tag\" \/>\n<meta property=\"article:modified_time\" content=\"2024-07-17T23:04:55+00:00\" class=\"yoast-seo-meta-tag\" \/>\n<meta name=\"twitter:card\" content=\"summary_large_image\" class=\"yoast-seo-meta-tag\" \/>\n<meta name=\"twitter:label1\" content=\"Dur\u00e9e de lecture estim\u00e9e\" class=\"yoast-seo-meta-tag\" \/>\n\t<meta name=\"twitter:data1\" content=\"1 minute\" class=\"yoast-seo-meta-tag\" \/>\n<script type=\"application\/ld+json\" class=\"yoast-schema-graph\">{\"@context\":\"https:\\\/\\\/schema.org\",\"@graph\":[{\"@type\":\"WebPage\",\"@id\":\"http:\\\/\\\/standardspractices.ca\\\/fr\\\/normes-et-pratiques\\\/\",\"url\":\"http:\\\/\\\/standardspractices.ca\\\/fr\\\/normes-et-pratiques\\\/\",\"name\":\"Normes et pratiques | Land Trust - Assessment Tool \\\/ Outil d&#039;evaluation\",\"isPartOf\":{\"@id\":\"http:\\\/\\\/standardspractices.ca\\\/#website\"},\"datePublished\":\"2024-07-16T18:21:07+00:00\",\"dateModified\":\"2024-07-17T23:04:55+00:00\",\"breadcrumb\":{\"@id\":\"http:\\\/\\\/standardspractices.ca\\\/fr\\\/normes-et-pratiques\\\/#breadcrumb\"},\"inLanguage\":\"fr-FR\",\"potentialAction\":[{\"@type\":\"ReadAction\",\"target\":[\"http:\\\/\\\/standardspractices.ca\\\/fr\\\/normes-et-pratiques\\\/\"]}]},{\"@type\":\"BreadcrumbList\",\"@id\":\"http:\\\/\\\/standardspractices.ca\\\/fr\\\/normes-et-pratiques\\\/#breadcrumb\",\"itemListElement\":[{\"@type\":\"ListItem\",\"position\":1,\"name\":\"Home\",\"item\":\"http:\\\/\\\/standardspractices.ca\\\/\"},{\"@type\":\"ListItem\",\"position\":2,\"name\":\"Normes et pratiques\"}]},{\"@type\":\"WebSite\",\"@id\":\"http:\\\/\\\/standardspractices.ca\\\/#website\",\"url\":\"http:\\\/\\\/standardspractices.ca\\\/\",\"name\":\"Land Trust - Assessment Tool \\\/ Outil d'\u00e9valuation\",\"description\":\"\",\"publisher\":{\"@id\":\"http:\\\/\\\/standardspractices.ca\\\/#organization\"},\"potentialAction\":[{\"@type\":\"SearchAction\",\"target\":{\"@type\":\"EntryPoint\",\"urlTemplate\":\"http:\\\/\\\/standardspractices.ca\\\/?s={search_term_string}\"},\"query-input\":{\"@type\":\"PropertyValueSpecification\",\"valueRequired\":true,\"valueName\":\"search_term_string\"}}],\"inLanguage\":\"fr-FR\"},{\"@type\":\"Organization\",\"@id\":\"http:\\\/\\\/standardspractices.ca\\\/#organization\",\"name\":\"Land Trust - Assessment Tool \\\/ Outil d'\u00e9valuation\",\"url\":\"http:\\\/\\\/standardspractices.ca\\\/\",\"logo\":{\"@type\":\"ImageObject\",\"inLanguage\":\"fr-FR\",\"@id\":\"http:\\\/\\\/standardspractices.ca\\\/#\\\/schema\\\/logo\\\/image\\\/\",\"url\":\"http:\\\/\\\/standardspractices.ca\\\/wp-content\\\/uploads\\\/2024\\\/03\\\/SPnationalWebsite_HeaderLogoNewsmall.png\",\"contentUrl\":\"http:\\\/\\\/standardspractices.ca\\\/wp-content\\\/uploads\\\/2024\\\/03\\\/SPnationalWebsite_HeaderLogoNewsmall.png\",\"width\":463,\"height\":117,\"caption\":\"Land Trust - Assessment Tool \\\/ Outil d'\u00e9valuation\"},\"image\":{\"@id\":\"http:\\\/\\\/standardspractices.ca\\\/#\\\/schema\\\/logo\\\/image\\\/\"}}]}<\/script>\n<!-- \/ Yoast SEO plugin. -->","yoast_head_json":{"title":"Normes et pratiques | Land Trust - Assessment Tool \/ Outil d&#039;evaluation","robots":{"index":"index","follow":"follow","max-snippet":"max-snippet:-1","max-image-preview":"max-image-preview:large","max-video-preview":"max-video-preview:-1"},"canonical":"http:\/\/standardspractices.ca\/fr\/normes-et-pratiques\/","og_locale":"fr_FR","og_type":"article","og_title":"Normes et pratiques | Land Trust - Assessment Tool \/ Outil d&#039;evaluation","og_description":"Les Normes et pratiques des organismes de conservation du Canada (2019) peuvent \u00eatre t\u00e9l\u00e9charg\u00e9es au format .pdf : T\u00e9l\u00e9charger &#8211; Normes et pratiques des organismes de conservation du Canada (2019) Le pr\u00e9sent document d\u00e9coule de la modification par l&#8217;ancienne Alliance des organismes de conservation du Canada selon ledocument Land Trust...","og_url":"http:\/\/standardspractices.ca\/fr\/normes-et-pratiques\/","og_site_name":"Land Trust - Assessment Tool \/ Outil d&#039;evaluation","article_modified_time":"2024-07-17T23:04:55+00:00","twitter_card":"summary_large_image","twitter_misc":{"Dur\u00e9e de lecture estim\u00e9e":"1 minute"},"schema":{"@context":"https:\/\/schema.org","@graph":[{"@type":"WebPage","@id":"http:\/\/standardspractices.ca\/fr\/normes-et-pratiques\/","url":"http:\/\/standardspractices.ca\/fr\/normes-et-pratiques\/","name":"Normes et pratiques | Land Trust - Assessment Tool \/ Outil d&#039;evaluation","isPartOf":{"@id":"http:\/\/standardspractices.ca\/#website"},"datePublished":"2024-07-16T18:21:07+00:00","dateModified":"2024-07-17T23:04:55+00:00","breadcrumb":{"@id":"http:\/\/standardspractices.ca\/fr\/normes-et-pratiques\/#breadcrumb"},"inLanguage":"fr-FR","potentialAction":[{"@type":"ReadAction","target":["http:\/\/standardspractices.ca\/fr\/normes-et-pratiques\/"]}]},{"@type":"BreadcrumbList","@id":"http:\/\/standardspractices.ca\/fr\/normes-et-pratiques\/#breadcrumb","itemListElement":[{"@type":"ListItem","position":1,"name":"Home","item":"http:\/\/standardspractices.ca\/"},{"@type":"ListItem","position":2,"name":"Normes et pratiques"}]},{"@type":"WebSite","@id":"http:\/\/standardspractices.ca\/#website","url":"http:\/\/standardspractices.ca\/","name":"Land Trust - Assessment Tool \/ Outil d'\u00e9valuation","description":"","publisher":{"@id":"http:\/\/standardspractices.ca\/#organization"},"potentialAction":[{"@type":"SearchAction","target":{"@type":"EntryPoint","urlTemplate":"http:\/\/standardspractices.ca\/?s={search_term_string}"},"query-input":{"@type":"PropertyValueSpecification","valueRequired":true,"valueName":"search_term_string"}}],"inLanguage":"fr-FR"},{"@type":"Organization","@id":"http:\/\/standardspractices.ca\/#organization","name":"Land Trust - Assessment Tool \/ Outil d'\u00e9valuation","url":"http:\/\/standardspractices.ca\/","logo":{"@type":"ImageObject","inLanguage":"fr-FR","@id":"http:\/\/standardspractices.ca\/#\/schema\/logo\/image\/","url":"http:\/\/standardspractices.ca\/wp-content\/uploads\/2024\/03\/SPnationalWebsite_HeaderLogoNewsmall.png","contentUrl":"http:\/\/standardspractices.ca\/wp-content\/uploads\/2024\/03\/SPnationalWebsite_HeaderLogoNewsmall.png","width":463,"height":117,"caption":"Land Trust - Assessment Tool \/ Outil d'\u00e9valuation"},"image":{"@id":"http:\/\/standardspractices.ca\/#\/schema\/logo\/image\/"}}]}},"_links":{"self":[{"href":"https:\/\/standardspractices.ca\/fr\/wp-json\/wp\/v2\/pages\/2562","targetHints":{"allow":["GET"]}}],"collection":[{"href":"https:\/\/standardspractices.ca\/fr\/wp-json\/wp\/v2\/pages"}],"about":[{"href":"https:\/\/standardspractices.ca\/fr\/wp-json\/wp\/v2\/types\/page"}],"author":[{"embeddable":true,"href":"https:\/\/standardspractices.ca\/fr\/wp-json\/wp\/v2\/users\/6"}],"replies":[{"embeddable":true,"href":"https:\/\/standardspractices.ca\/fr\/wp-json\/wp\/v2\/comments?post=2562"}],"version-history":[{"count":3,"href":"https:\/\/standardspractices.ca\/fr\/wp-json\/wp\/v2\/pages\/2562\/revisions"}],"predecessor-version":[{"id":2571,"href":"https:\/\/standardspractices.ca\/fr\/wp-json\/wp\/v2\/pages\/2562\/revisions\/2571"}],"wp:attachment":[{"href":"https:\/\/standardspractices.ca\/fr\/wp-json\/wp\/v2\/media?parent=2562"}],"curies":[{"name":"wp","href":"https:\/\/api.w.org\/{rel}","templated":true}]}}