{"id":1955,"date":"2024-04-23T22:29:13","date_gmt":"2024-04-23T22:29:13","guid":{"rendered":"http:\/\/standardspractices.ca\/?page_id=1955"},"modified":"2024-06-04T18:49:53","modified_gmt":"2024-06-04T18:49:53","slug":"remerciements","status":"publish","type":"page","link":"https:\/\/standardspractices.ca\/fr\/remerciements\/","title":{"rendered":"Remerciements"},"content":{"rendered":"\n<p><strong>L\u2019outil d\u2019\u00e9valuation de la Colombie-Britannique a \u00e9t\u00e9 cr\u00e9\u00e9 en 2009 par la Land Trust Alliance of British Columbia (LTABC). En 2023, la LTABC s\u2019est associ\u00e9e \u00e0 l\u2019Alliance canadienne des organismes de conservation (ACOC), \u00e0 l\u2019Ontario Land Trust Alliance (OLTA) et au R\u00e9seau de Milieux Naturels prot\u00e9g\u00e9s (RMN) pour mettre \u00e0 jour l\u2019outil d\u2019auto-\u00e9valuation en lui donnant un format national et bilingue.<\/strong><\/p>\n\n\n\n<p><strong>Le financement de ce projet a \u00e9t\u00e9 g\u00e9n\u00e9reusement assur\u00e9 par Environnement et Changement climatique Canada, la Land Trust Alliance de Colombie-Britannique et l\u2019Alliance canadienne des organismes de conservation.<\/strong><\/p>\n","protected":false},"excerpt":{"rendered":"<p>L\u2019outil d\u2019\u00e9valuation de la Colombie-Britannique a \u00e9t\u00e9 cr\u00e9\u00e9 en 2009 par la Land Trust Alliance of British Columbia (LTABC). En 2023, la LTABC s\u2019est associ\u00e9e \u00e0 l\u2019Alliance canadienne des organismes de conservation (ACOC), \u00e0 l\u2019Ontario Land Trust Alliance (OLTA) et au R\u00e9seau de Milieux Naturels prot\u00e9g\u00e9s (RMN) pour mettre \u00e0&#8230;<\/p>\n","protected":false},"author":6,"featured_media":0,"parent":0,"menu_order":0,"comment_status":"closed","ping_status":"closed","template":"","meta":{"_acf_changed":false,"footnotes":""},"class_list":["post-1955","page","type-page","status-publish","hentry"],"acf":[],"yoast_head":"<!-- This site is optimized with the Yoast SEO plugin v27.5 - https:\/\/yoast.com\/product\/yoast-seo-wordpress\/ -->\n<title>Remerciements | Land Trust - Assessment Tool \/ Outil d&#039;evaluation<\/title>\n<meta name=\"robots\" content=\"index, follow, max-snippet:-1, max-image-preview:large, max-video-preview:-1\" \/>\n<link rel=\"canonical\" href=\"http:\/\/standardspractices.ca\/fr\/remerciements\/\" class=\"yoast-seo-meta-tag\" \/>\n<meta property=\"og:locale\" content=\"fr_FR\" class=\"yoast-seo-meta-tag\" \/>\n<meta property=\"og:type\" content=\"article\" class=\"yoast-seo-meta-tag\" \/>\n<meta property=\"og:title\" content=\"Remerciements | Land Trust - Assessment Tool \/ Outil d&#039;evaluation\" class=\"yoast-seo-meta-tag\" \/>\n<meta property=\"og:description\" content=\"L\u2019outil d\u2019\u00e9valuation de la Colombie-Britannique a \u00e9t\u00e9 cr\u00e9\u00e9 en 2009 par la Land Trust Alliance of British Columbia (LTABC). En 2023, la LTABC s\u2019est associ\u00e9e \u00e0 l\u2019Alliance canadienne des organismes de conservation (ACOC), \u00e0 l\u2019Ontario Land Trust Alliance (OLTA) et au R\u00e9seau de Milieux Naturels prot\u00e9g\u00e9s (RMN) pour mettre \u00e0...\" class=\"yoast-seo-meta-tag\" \/>\n<meta property=\"og:url\" content=\"http:\/\/standardspractices.ca\/fr\/remerciements\/\" class=\"yoast-seo-meta-tag\" \/>\n<meta property=\"og:site_name\" content=\"Land Trust - Assessment Tool \/ Outil d&#039;evaluation\" class=\"yoast-seo-meta-tag\" \/>\n<meta property=\"article:modified_time\" content=\"2024-06-04T18:49:53+00:00\" class=\"yoast-seo-meta-tag\" \/>\n<meta name=\"twitter:card\" content=\"summary_large_image\" class=\"yoast-seo-meta-tag\" \/>\n<script type=\"application\/ld+json\" class=\"yoast-schema-graph\">{\"@context\":\"https:\\\/\\\/schema.org\",\"@graph\":[{\"@type\":\"WebPage\",\"@id\":\"http:\\\/\\\/standardspractices.ca\\\/fr\\\/remerciements\\\/\",\"url\":\"http:\\\/\\\/standardspractices.ca\\\/fr\\\/remerciements\\\/\",\"name\":\"Remerciements | Land Trust - Assessment Tool \\\/ Outil d&#039;evaluation\",\"isPartOf\":{\"@id\":\"http:\\\/\\\/standardspractices.ca\\\/#website\"},\"datePublished\":\"2024-04-23T22:29:13+00:00\",\"dateModified\":\"2024-06-04T18:49:53+00:00\",\"breadcrumb\":{\"@id\":\"http:\\\/\\\/standardspractices.ca\\\/fr\\\/remerciements\\\/#breadcrumb\"},\"inLanguage\":\"fr-FR\",\"potentialAction\":[{\"@type\":\"ReadAction\",\"target\":[\"http:\\\/\\\/standardspractices.ca\\\/fr\\\/remerciements\\\/\"]}]},{\"@type\":\"BreadcrumbList\",\"@id\":\"http:\\\/\\\/standardspractices.ca\\\/fr\\\/remerciements\\\/#breadcrumb\",\"itemListElement\":[{\"@type\":\"ListItem\",\"position\":1,\"name\":\"Home\",\"item\":\"http:\\\/\\\/standardspractices.ca\\\/\"},{\"@type\":\"ListItem\",\"position\":2,\"name\":\"Remerciements\"}]},{\"@type\":\"WebSite\",\"@id\":\"http:\\\/\\\/standardspractices.ca\\\/#website\",\"url\":\"http:\\\/\\\/standardspractices.ca\\\/\",\"name\":\"Land Trust - Assessment Tool \\\/ Outil d'\u00e9valuation\",\"description\":\"\",\"publisher\":{\"@id\":\"http:\\\/\\\/standardspractices.ca\\\/#organization\"},\"potentialAction\":[{\"@type\":\"SearchAction\",\"target\":{\"@type\":\"EntryPoint\",\"urlTemplate\":\"http:\\\/\\\/standardspractices.ca\\\/?s={search_term_string}\"},\"query-input\":{\"@type\":\"PropertyValueSpecification\",\"valueRequired\":true,\"valueName\":\"search_term_string\"}}],\"inLanguage\":\"fr-FR\"},{\"@type\":\"Organization\",\"@id\":\"http:\\\/\\\/standardspractices.ca\\\/#organization\",\"name\":\"Land Trust - Assessment Tool \\\/ Outil d'\u00e9valuation\",\"url\":\"http:\\\/\\\/standardspractices.ca\\\/\",\"logo\":{\"@type\":\"ImageObject\",\"inLanguage\":\"fr-FR\",\"@id\":\"http:\\\/\\\/standardspractices.ca\\\/#\\\/schema\\\/logo\\\/image\\\/\",\"url\":\"http:\\\/\\\/standardspractices.ca\\\/wp-content\\\/uploads\\\/2024\\\/03\\\/SPnationalWebsite_HeaderLogoNewsmall.png\",\"contentUrl\":\"http:\\\/\\\/standardspractices.ca\\\/wp-content\\\/uploads\\\/2024\\\/03\\\/SPnationalWebsite_HeaderLogoNewsmall.png\",\"width\":463,\"height\":117,\"caption\":\"Land Trust - Assessment Tool \\\/ Outil d'\u00e9valuation\"},\"image\":{\"@id\":\"http:\\\/\\\/standardspractices.ca\\\/#\\\/schema\\\/logo\\\/image\\\/\"}}]}<\/script>\n<!-- \/ Yoast SEO plugin. -->","yoast_head_json":{"title":"Remerciements | Land Trust - Assessment Tool \/ Outil d&#039;evaluation","robots":{"index":"index","follow":"follow","max-snippet":"max-snippet:-1","max-image-preview":"max-image-preview:large","max-video-preview":"max-video-preview:-1"},"canonical":"http:\/\/standardspractices.ca\/fr\/remerciements\/","og_locale":"fr_FR","og_type":"article","og_title":"Remerciements | Land Trust - Assessment Tool \/ Outil d&#039;evaluation","og_description":"L\u2019outil d\u2019\u00e9valuation de la Colombie-Britannique a \u00e9t\u00e9 cr\u00e9\u00e9 en 2009 par la Land Trust Alliance of British Columbia (LTABC). En 2023, la LTABC s\u2019est associ\u00e9e \u00e0 l\u2019Alliance canadienne des organismes de conservation (ACOC), \u00e0 l\u2019Ontario Land Trust Alliance (OLTA) et au R\u00e9seau de Milieux Naturels prot\u00e9g\u00e9s (RMN) pour mettre \u00e0...","og_url":"http:\/\/standardspractices.ca\/fr\/remerciements\/","og_site_name":"Land Trust - Assessment Tool \/ Outil d&#039;evaluation","article_modified_time":"2024-06-04T18:49:53+00:00","twitter_card":"summary_large_image","schema":{"@context":"https:\/\/schema.org","@graph":[{"@type":"WebPage","@id":"http:\/\/standardspractices.ca\/fr\/remerciements\/","url":"http:\/\/standardspractices.ca\/fr\/remerciements\/","name":"Remerciements | Land Trust - Assessment Tool \/ Outil d&#039;evaluation","isPartOf":{"@id":"http:\/\/standardspractices.ca\/#website"},"datePublished":"2024-04-23T22:29:13+00:00","dateModified":"2024-06-04T18:49:53+00:00","breadcrumb":{"@id":"http:\/\/standardspractices.ca\/fr\/remerciements\/#breadcrumb"},"inLanguage":"fr-FR","potentialAction":[{"@type":"ReadAction","target":["http:\/\/standardspractices.ca\/fr\/remerciements\/"]}]},{"@type":"BreadcrumbList","@id":"http:\/\/standardspractices.ca\/fr\/remerciements\/#breadcrumb","itemListElement":[{"@type":"ListItem","position":1,"name":"Home","item":"http:\/\/standardspractices.ca\/"},{"@type":"ListItem","position":2,"name":"Remerciements"}]},{"@type":"WebSite","@id":"http:\/\/standardspractices.ca\/#website","url":"http:\/\/standardspractices.ca\/","name":"Land Trust - Assessment Tool \/ Outil d'\u00e9valuation","description":"","publisher":{"@id":"http:\/\/standardspractices.ca\/#organization"},"potentialAction":[{"@type":"SearchAction","target":{"@type":"EntryPoint","urlTemplate":"http:\/\/standardspractices.ca\/?s={search_term_string}"},"query-input":{"@type":"PropertyValueSpecification","valueRequired":true,"valueName":"search_term_string"}}],"inLanguage":"fr-FR"},{"@type":"Organization","@id":"http:\/\/standardspractices.ca\/#organization","name":"Land Trust - Assessment Tool \/ Outil d'\u00e9valuation","url":"http:\/\/standardspractices.ca\/","logo":{"@type":"ImageObject","inLanguage":"fr-FR","@id":"http:\/\/standardspractices.ca\/#\/schema\/logo\/image\/","url":"http:\/\/standardspractices.ca\/wp-content\/uploads\/2024\/03\/SPnationalWebsite_HeaderLogoNewsmall.png","contentUrl":"http:\/\/standardspractices.ca\/wp-content\/uploads\/2024\/03\/SPnationalWebsite_HeaderLogoNewsmall.png","width":463,"height":117,"caption":"Land Trust - Assessment Tool \/ Outil d'\u00e9valuation"},"image":{"@id":"http:\/\/standardspractices.ca\/#\/schema\/logo\/image\/"}}]}},"_links":{"self":[{"href":"https:\/\/standardspractices.ca\/fr\/wp-json\/wp\/v2\/pages\/1955","targetHints":{"allow":["GET"]}}],"collection":[{"href":"https:\/\/standardspractices.ca\/fr\/wp-json\/wp\/v2\/pages"}],"about":[{"href":"https:\/\/standardspractices.ca\/fr\/wp-json\/wp\/v2\/types\/page"}],"author":[{"embeddable":true,"href":"https:\/\/standardspractices.ca\/fr\/wp-json\/wp\/v2\/users\/6"}],"replies":[{"embeddable":true,"href":"https:\/\/standardspractices.ca\/fr\/wp-json\/wp\/v2\/comments?post=1955"}],"version-history":[{"count":2,"href":"https:\/\/standardspractices.ca\/fr\/wp-json\/wp\/v2\/pages\/1955\/revisions"}],"predecessor-version":[{"id":2361,"href":"https:\/\/standardspractices.ca\/fr\/wp-json\/wp\/v2\/pages\/1955\/revisions\/2361"}],"wp:attachment":[{"href":"https:\/\/standardspractices.ca\/fr\/wp-json\/wp\/v2\/media?parent=1955"}],"curies":[{"name":"wp","href":"https:\/\/api.w.org\/{rel}","templated":true}]}}