{"id":1779,"date":"2024-03-28T19:46:35","date_gmt":"2024-03-29T02:46:35","guid":{"rendered":"http:\/\/standardspractices.ca\/introduction\/"},"modified":"2024-04-02T21:24:31","modified_gmt":"2024-04-02T21:24:31","slug":"introduction","status":"publish","type":"page","link":"https:\/\/standardspractices.ca\/fr\/introduction\/","title":{"rendered":"Introduction"},"content":{"rendered":"\n<p><br\/><strong>L\u2019Alliance canadienne des organismes de conservation, la Land Trust Alliance of British Columbia, l\u2019Ontario Land Trust Alliance et au R\u00e9seau de milieux naturels prot\u00e9g\u00e9s<\/strong> ils se sont associ\u00e9s pour d\u00e9velopper un outil national d&#8217;auto-\u00e9valuation pour les organismes de conservation. Cet outil est un programme volontaire qui aidera les organismes de conservation \u00e0 d\u00e9velopper leurs capacit\u00e9s et \u00e0 s&#8217;assurer que leur gouvernance et leur fonctionnement sont conformes aux meilleures pratiques.<\/p>\n\n<p>Les Alliances n&#8217;\u00e9valueront pas les organismes de conservation ni leurs progr\u00e8s dans le cadre de l&#8217;auto-\u00e9valuation Le Centre pour la conservation des terres d\u00e9tient les droits sur les normes et pratiques des organismes de conservation canadiens et \u00e9labore actuellement un programme pour \u00e9valuer leurs performances.<\/p>\n\n<p>Cet outil est con\u00e7u pour aider \u00e0 renforcer les capacit\u00e9s et pour guider les organismes de conservation vers les meilleures pratiques, qu&#8217;il s&#8217;agisse d&#8217;une organisation g\u00e9r\u00e9e par des b\u00e9n\u00e9voles ou d&#8217;un organisme de conservation compos\u00e9 \u00e0 la fois de b\u00e9n\u00e9voles et de personnel. Les Alliances fourniront des ressources et des possibilit\u00e9s de formation<br\/>en rapport avec les normes et pratiques et apporteront leur soutien aux organismes de conservation qui utiliseront cet outil.<\/p>\n\n<p><strong>L&#8217;outil d&#8217;auto-\u00e9valuation est volontaire, gratuit pour les organismes de conservation et con\u00e7u pour vous permettre de travailler \u00e0 votre propre rythme et dans la capacit\u00e9 de votre organisation.<\/strong><\/p>\n\n<hr class=\"wp-block-separator has-alpha-channel-opacity\"\/>\n\n<h1 class=\"wp-block-heading\">Vue d&#8217;ensemble<\/h1>\n\n<p><strong><br\/>Cette collection de meilleures pratiques, de ressources et de mod\u00e8les de documents est class\u00e9e dans l&#8217;ordre des normes et pratiques des organismes de conservation du Canada. <\/strong><\/p>\n\n<p>Les exemples de documents et de mod\u00e8les ont \u00e9t\u00e9 fournis par un grand nombre d&#8217;organismes de conservation \u00e0 travers le Canada et repr\u00e9sentent des ressources qui aideront votre organisation \u00e0 \u00e9laborer des politiques et des lignes directrices. Ces documents sont continuellement mis \u00e0 jour.<\/p>\n\n<p>Le succ\u00e8s de la conservation des terres a fait en sorte que le public, le gouvernement et les organismes priv\u00e9s exigent l&#8217;assurance que les pratiques des organismes de conservation sont conformes \u00e0 des normes professionnelles sur lesquelles ils peuvent compter. Ainsi, cette collection est catalogu\u00e9e selon les versions les plus r\u00e9centes des Normes et pratiques des organismes de conservation du Canada mises \u00e0 jour, (2019) Centre pour la conservation des terres.<br\/><\/p>\n\n<p><strong>Cet outil offre aux organismes de conservation un grand nombre d&#8217;options et de ressources :<\/strong><\/p>\n\n<ul class=\"wp-block-list\">\n<li>La possibilit\u00e9 de s&#8217;inscrire et de faire travailler plusieurs personnes de votre organisme sur le programme en m\u00eame temps.<\/li>\n<\/ul>\n\n<ul class=\"wp-block-list\">\n<li>La possibilit\u00e9 de classer chaque norme et pratique selon une importance \u00e9lev\u00e9e, faible ou moyenne afin<\/li>\n\n\n\n<li>d&#8217;\u00e9valuer les progr\u00e8s r\u00e9alis\u00e9s dans le cadre du programme.<\/li>\n<\/ul>\n\n<ul class=\"wp-block-list\">\n<li>Des notes partag\u00e9es entre les personnes travaillant sur le programme au sein de votre organisme de conservation.<\/li>\n<\/ul>\n\n<ul class=\"wp-block-list\">\n<li>La capacit\u00e9 de t\u00e9l\u00e9charger votre document final et de s&#8217;assurer que les dossiers sont disponibles en permanence pour constituer une ressource pour votre organisme de conservation.<\/li>\n<\/ul>\n\n<ul class=\"wp-block-list\">\n<li>Une option permettant de partager les politiques, les lignes directrices et les protocoles avec une plus large communaut\u00e9 d&#8217;organismes de conservation.<\/li>\n<\/ul>\n\n<ul class=\"wp-block-list\">\n<li>Une banque de ressources de documents \u00e9labor\u00e9s par d&#8217;autres fiducies fonci\u00e8res, organismes de conservation et organisations caritatives qui servent de mod\u00e8les.<\/li>\n<\/ul>\n\n<hr class=\"wp-block-separator has-alpha-channel-opacity\"\/>\n\n<h3 class=\"wp-block-heading\"><strong>Sources<\/strong><\/h3>\n\n<p>Veuillez noter que les sources de la plupart des documents sont clairement identifi\u00e9es. Nous avons demand\u00e9 l&#8217;autorisation \u00e0 toutes les sources ext\u00e9rieures et nous remercions tous ceux qui ont g\u00e9n\u00e9reusement fourni leur travail pour que d&#8217;autres puissent l&#8217;utiliser et le partager. Nous esp\u00e9rons que d&#8217;autres \u00e9ditions de cette collection seront disponibles sur la base de l&#8217;apport continu de mod\u00e8les de documents et de recherches de la part de nos membres et des organisations associ\u00e9es. Cet outil d&#8217;\u00e9valuation est con\u00e7u pour aider les organismes de conservation \u00e0 \u00e9valuer, \u00e0 mettre \u00e0 jour et \u00e0 trouver des lois associ\u00e9es, des mod\u00e8les de documents et des politiques que vous pouvez utiliser pour travailler \u00e0 la conformit\u00e9 totale avec les Normes et pratiques des organismes de conservation du Canada. Cet outil d&#8217;\u00e9valuation accessible en ligne est un programme volontaire qui vise \u00e0 renforcer les capacit\u00e9s et l&#8217;excellence des organismes de conservation. <\/p>\n\n<hr class=\"wp-block-separator has-alpha-channel-opacity\"\/>\n\n<h3 class=\"wp-block-heading\"><strong>Remerciements<\/strong><\/h3>\n\n<p><strong>L&#8217;outil d&#8217;\u00e9valuation de la Colombie-Britannique a \u00e9t\u00e9 cr\u00e9\u00e9 en 2009 par la Land Trust Alliance of British Columbia (LTABC). En 2023, la LTABC s&#8217;est associ\u00e9e \u00e0 l&#8217;Alliance canadienne des organismes de conservation (ACOC), \u00e0 l&#8217;Ontario Land Trust Alliance (OLTA) et au R\u00e9seau de Milieux Naturels prot\u00e9g\u00e9s (RMN) pour mettre \u00e0 jour l&#8217;outil d&#8217;auto-\u00e9valuation en lui donnant un format national et bilingue.<\/strong><\/p>\n\n<p><strong>Le financement de ce projet a \u00e9t\u00e9 g\u00e9n\u00e9reusement assur\u00e9 par Environnement et Changement climatique Canada, la Land Trust Alliance de Colombie-Britannique et l&#8217;Alliance canadienne des organismes de conservation.<\/strong><\/p>\n\n<hr class=\"wp-block-separator has-alpha-channel-opacity\"\/>\n\n<h3 class=\"wp-block-heading\"><strong>Mod\u00e8le de r\u00e9solution du conseil d\u2019administration<\/strong> <\/h3>\n\n<p>Les Alliances encouragent les organismes de conservation membres \u00e0 reconna\u00eetre les Normes et pratiques des organismes de conservation du Canada comme les principes directeurs de leurs activit\u00e9s, ce qui t\u00e9moigne de leur engagement \u00e0 pr\u00e9server la confiance du public et la cr\u00e9dibilit\u00e9 de la communaut\u00e9 des organismes de conservation dans son ensemble. Les Alliances encouragent tous les organismes de conservation \u00e0 aller au-del\u00e0 de l&#8217;acceptation des principes directeurs en mettant en \u0153uvre les Normes et pratiques des organismes de conservation du Canada \u00e0 un rythme adapt\u00e9 \u00e0 la taille de l&#8217;organisme et \u00e0 l&#8217;ampleur de ses activit\u00e9s de protection. Par le biais d&#8217;une r\u00e9solution du conseil d&#8217;administration, les organismes de conservation sont invit\u00e9s \u00e0 accepter l&#8217;\u00e9nonc\u00e9 des Normes et pratiques des fiducies fonci\u00e8res canadiennes comme guidant les pratiques de l&#8217;organisme, et \u00e0 s&#8217;engager \u00e0 faire des progr\u00e8s continus vers la mise en \u0153uvre des normes et des pratiques.<\/p>\n\n<p>Lorsque qu&#8217;un organisme de conservation adopte une r\u00e9solution du conseil d&#8217;administration adoptant les Normes et pratiques des organismes de conservation du Canada, il doit en envoyer une copie \u00e0 l&#8217;alliance d&#8217;organismes de conservation concern\u00e9e. La LTABC et l&#8217;OLTA ont des exemples de r\u00e9solutions du conseil d&#8217;administration que les fiducies fonci\u00e8res peuvent utiliser. <\/p>\n\n<hr class=\"wp-block-separator has-alpha-channel-opacity\"\/>\n\n<h3 class=\"wp-block-heading\"><strong>Limitation de la responsabilit\u00e9 et responsabilit\u00e9 de l&#8217;utilisateur <\/strong><\/h3>\n\n<p><strong>Toutes les informations contenues dans ce recueil sont fournies &#8221; telles quelles &#8221; et aucune d\u00e9claration, garantie ou condition, qu&#8217;elle soit explicite ou implicite, n&#8217;est faite en rapport avec l&#8217;utilisation de ces informations ou la confiance qu&#8217;elles inspirent. Les informations l\u00e9gislatives, fiscales et autres changent au fil du temps, et il est donc conseill\u00e9 \u00e0 l&#8217;utilisateur, dans tous les cas, de demander des conseils juridiques et financiers de mani\u00e8re ind\u00e9pendante. La plupart de ces informations ont \u00e9t\u00e9 reproduites avec l&#8217;autorisation d&#8217;autres sources ; leur exactitude et leur exhaustivit\u00e9 ne sont pas garanties. Elles vous sont fournies en tant qu&#8217;utilisateur \u00e0 vos risques et p\u00e9rils. <\/strong><\/p>\n\n<p><strong>Les informations sp\u00e9cifiques \u00e0 un organisme de conservation et t\u00e9l\u00e9charg\u00e9es dans cet outil restent la propri\u00e9t\u00e9 de l&#8217;organisme de conservation concern\u00e9 et ne sont accessibles qu&#8217;\u00e0 ce dernier, sauf accord contraire. L&#8217;administrateur de l&#8217;outil d&#8217;auto-\u00e9valuation peut saisir les informations relatives \u00e0 une fiducie fonci\u00e8re individuelle afin de fournir une assistance technique \u00e0 la demande d&#8217;une fiducie fonci\u00e8re. administrateur peut, de temps \u00e0 autre, collecter des donn\u00e9es collectives anonymes en vue d&#8217;am\u00e9liorer et de d\u00e9velopper le site; cependant, aucune donn\u00e9e sp\u00e9cifique \u00e0 un organisme de conservation sera utilis\u00e9e ou partag\u00e9e \u00e0 cette fin.<\/strong><\/p>\n","protected":false},"excerpt":{"rendered":"<p>L\u2019Alliance canadienne des organismes de conservation, la Land Trust Alliance of British Columbia, l\u2019Ontario Land Trust Alliance et au R\u00e9seau de milieux naturels prot\u00e9g\u00e9s ils se sont associ\u00e9s pour d\u00e9velopper un outil national d&#8217;auto-\u00e9valuation pour les organismes de conservation. Cet outil est un programme volontaire qui aidera les organismes de&#8230;<\/p>\n","protected":false},"author":6,"featured_media":0,"parent":0,"menu_order":0,"comment_status":"closed","ping_status":"closed","template":"","meta":{"_acf_changed":false,"footnotes":""},"class_list":["post-1779","page","type-page","status-publish","hentry"],"acf":[],"yoast_head":"<!-- This site is optimized with the Yoast SEO plugin v27.5 - https:\/\/yoast.com\/product\/yoast-seo-wordpress\/ -->\n<title>Introduction | Land Trust - Assessment Tool \/ Outil d&#039;evaluation<\/title>\n<meta name=\"robots\" content=\"index, follow, max-snippet:-1, max-image-preview:large, max-video-preview:-1\" \/>\n<link rel=\"canonical\" href=\"http:\/\/standardspractices.ca\/fr\/introduction\/\" class=\"yoast-seo-meta-tag\" \/>\n<meta property=\"og:locale\" content=\"fr_FR\" class=\"yoast-seo-meta-tag\" \/>\n<meta property=\"og:type\" content=\"article\" class=\"yoast-seo-meta-tag\" \/>\n<meta property=\"og:title\" content=\"Introduction | Land Trust - Assessment Tool \/ Outil d&#039;evaluation\" class=\"yoast-seo-meta-tag\" \/>\n<meta property=\"og:description\" content=\"L\u2019Alliance canadienne des organismes de conservation, la Land Trust Alliance of British Columbia, l\u2019Ontario Land Trust Alliance et au R\u00e9seau de milieux naturels prot\u00e9g\u00e9s ils se sont associ\u00e9s pour d\u00e9velopper un outil national d&#8217;auto-\u00e9valuation pour les organismes de conservation. Cet outil est un programme volontaire qui aidera les organismes de...\" class=\"yoast-seo-meta-tag\" \/>\n<meta property=\"og:url\" content=\"http:\/\/standardspractices.ca\/fr\/introduction\/\" class=\"yoast-seo-meta-tag\" \/>\n<meta property=\"og:site_name\" content=\"Land Trust - Assessment Tool \/ Outil d&#039;evaluation\" class=\"yoast-seo-meta-tag\" \/>\n<meta property=\"article:modified_time\" content=\"2024-04-02T21:24:31+00:00\" class=\"yoast-seo-meta-tag\" \/>\n<meta name=\"twitter:card\" content=\"summary_large_image\" class=\"yoast-seo-meta-tag\" \/>\n<meta name=\"twitter:label1\" content=\"Dur\u00e9e de lecture estim\u00e9e\" class=\"yoast-seo-meta-tag\" \/>\n\t<meta name=\"twitter:data1\" content=\"6 minutes\" class=\"yoast-seo-meta-tag\" \/>\n<script type=\"application\/ld+json\" class=\"yoast-schema-graph\">{\"@context\":\"https:\\\/\\\/schema.org\",\"@graph\":[{\"@type\":\"WebPage\",\"@id\":\"http:\\\/\\\/standardspractices.ca\\\/fr\\\/introduction\\\/\",\"url\":\"http:\\\/\\\/standardspractices.ca\\\/fr\\\/introduction\\\/\",\"name\":\"Introduction | Land Trust - Assessment Tool \\\/ Outil d&#039;evaluation\",\"isPartOf\":{\"@id\":\"http:\\\/\\\/standardspractices.ca\\\/#website\"},\"datePublished\":\"2024-03-29T02:46:35+00:00\",\"dateModified\":\"2024-04-02T21:24:31+00:00\",\"breadcrumb\":{\"@id\":\"http:\\\/\\\/standardspractices.ca\\\/fr\\\/introduction\\\/#breadcrumb\"},\"inLanguage\":\"fr-FR\",\"potentialAction\":[{\"@type\":\"ReadAction\",\"target\":[\"http:\\\/\\\/standardspractices.ca\\\/fr\\\/introduction\\\/\"]}]},{\"@type\":\"BreadcrumbList\",\"@id\":\"http:\\\/\\\/standardspractices.ca\\\/fr\\\/introduction\\\/#breadcrumb\",\"itemListElement\":[{\"@type\":\"ListItem\",\"position\":1,\"name\":\"Home\",\"item\":\"http:\\\/\\\/standardspractices.ca\\\/\"},{\"@type\":\"ListItem\",\"position\":2,\"name\":\"Introduction\"}]},{\"@type\":\"WebSite\",\"@id\":\"http:\\\/\\\/standardspractices.ca\\\/#website\",\"url\":\"http:\\\/\\\/standardspractices.ca\\\/\",\"name\":\"Land Trust - Assessment Tool \\\/ Outil d'\u00e9valuation\",\"description\":\"\",\"publisher\":{\"@id\":\"http:\\\/\\\/standardspractices.ca\\\/#organization\"},\"potentialAction\":[{\"@type\":\"SearchAction\",\"target\":{\"@type\":\"EntryPoint\",\"urlTemplate\":\"http:\\\/\\\/standardspractices.ca\\\/?s={search_term_string}\"},\"query-input\":{\"@type\":\"PropertyValueSpecification\",\"valueRequired\":true,\"valueName\":\"search_term_string\"}}],\"inLanguage\":\"fr-FR\"},{\"@type\":\"Organization\",\"@id\":\"http:\\\/\\\/standardspractices.ca\\\/#organization\",\"name\":\"Land Trust - Assessment Tool \\\/ Outil d'\u00e9valuation\",\"url\":\"http:\\\/\\\/standardspractices.ca\\\/\",\"logo\":{\"@type\":\"ImageObject\",\"inLanguage\":\"fr-FR\",\"@id\":\"http:\\\/\\\/standardspractices.ca\\\/#\\\/schema\\\/logo\\\/image\\\/\",\"url\":\"http:\\\/\\\/standardspractices.ca\\\/wp-content\\\/uploads\\\/2024\\\/03\\\/SPnationalWebsite_HeaderLogoNewsmall.png\",\"contentUrl\":\"http:\\\/\\\/standardspractices.ca\\\/wp-content\\\/uploads\\\/2024\\\/03\\\/SPnationalWebsite_HeaderLogoNewsmall.png\",\"width\":463,\"height\":117,\"caption\":\"Land Trust - Assessment Tool \\\/ Outil d'\u00e9valuation\"},\"image\":{\"@id\":\"http:\\\/\\\/standardspractices.ca\\\/#\\\/schema\\\/logo\\\/image\\\/\"}}]}<\/script>\n<!-- \/ Yoast SEO plugin. -->","yoast_head_json":{"title":"Introduction | Land Trust - Assessment Tool \/ Outil d&#039;evaluation","robots":{"index":"index","follow":"follow","max-snippet":"max-snippet:-1","max-image-preview":"max-image-preview:large","max-video-preview":"max-video-preview:-1"},"canonical":"http:\/\/standardspractices.ca\/fr\/introduction\/","og_locale":"fr_FR","og_type":"article","og_title":"Introduction | Land Trust - Assessment Tool \/ Outil d&#039;evaluation","og_description":"L\u2019Alliance canadienne des organismes de conservation, la Land Trust Alliance of British Columbia, l\u2019Ontario Land Trust Alliance et au R\u00e9seau de milieux naturels prot\u00e9g\u00e9s ils se sont associ\u00e9s pour d\u00e9velopper un outil national d&#8217;auto-\u00e9valuation pour les organismes de conservation. Cet outil est un programme volontaire qui aidera les organismes de...","og_url":"http:\/\/standardspractices.ca\/fr\/introduction\/","og_site_name":"Land Trust - Assessment Tool \/ Outil d&#039;evaluation","article_modified_time":"2024-04-02T21:24:31+00:00","twitter_card":"summary_large_image","twitter_misc":{"Dur\u00e9e de lecture estim\u00e9e":"6 minutes"},"schema":{"@context":"https:\/\/schema.org","@graph":[{"@type":"WebPage","@id":"http:\/\/standardspractices.ca\/fr\/introduction\/","url":"http:\/\/standardspractices.ca\/fr\/introduction\/","name":"Introduction | Land Trust - Assessment Tool \/ Outil d&#039;evaluation","isPartOf":{"@id":"http:\/\/standardspractices.ca\/#website"},"datePublished":"2024-03-29T02:46:35+00:00","dateModified":"2024-04-02T21:24:31+00:00","breadcrumb":{"@id":"http:\/\/standardspractices.ca\/fr\/introduction\/#breadcrumb"},"inLanguage":"fr-FR","potentialAction":[{"@type":"ReadAction","target":["http:\/\/standardspractices.ca\/fr\/introduction\/"]}]},{"@type":"BreadcrumbList","@id":"http:\/\/standardspractices.ca\/fr\/introduction\/#breadcrumb","itemListElement":[{"@type":"ListItem","position":1,"name":"Home","item":"http:\/\/standardspractices.ca\/"},{"@type":"ListItem","position":2,"name":"Introduction"}]},{"@type":"WebSite","@id":"http:\/\/standardspractices.ca\/#website","url":"http:\/\/standardspractices.ca\/","name":"Land Trust - Assessment Tool \/ Outil d'\u00e9valuation","description":"","publisher":{"@id":"http:\/\/standardspractices.ca\/#organization"},"potentialAction":[{"@type":"SearchAction","target":{"@type":"EntryPoint","urlTemplate":"http:\/\/standardspractices.ca\/?s={search_term_string}"},"query-input":{"@type":"PropertyValueSpecification","valueRequired":true,"valueName":"search_term_string"}}],"inLanguage":"fr-FR"},{"@type":"Organization","@id":"http:\/\/standardspractices.ca\/#organization","name":"Land Trust - Assessment Tool \/ Outil d'\u00e9valuation","url":"http:\/\/standardspractices.ca\/","logo":{"@type":"ImageObject","inLanguage":"fr-FR","@id":"http:\/\/standardspractices.ca\/#\/schema\/logo\/image\/","url":"http:\/\/standardspractices.ca\/wp-content\/uploads\/2024\/03\/SPnationalWebsite_HeaderLogoNewsmall.png","contentUrl":"http:\/\/standardspractices.ca\/wp-content\/uploads\/2024\/03\/SPnationalWebsite_HeaderLogoNewsmall.png","width":463,"height":117,"caption":"Land Trust - Assessment Tool \/ Outil d'\u00e9valuation"},"image":{"@id":"http:\/\/standardspractices.ca\/#\/schema\/logo\/image\/"}}]}},"_links":{"self":[{"href":"https:\/\/standardspractices.ca\/fr\/wp-json\/wp\/v2\/pages\/1779","targetHints":{"allow":["GET"]}}],"collection":[{"href":"https:\/\/standardspractices.ca\/fr\/wp-json\/wp\/v2\/pages"}],"about":[{"href":"https:\/\/standardspractices.ca\/fr\/wp-json\/wp\/v2\/types\/page"}],"author":[{"embeddable":true,"href":"https:\/\/standardspractices.ca\/fr\/wp-json\/wp\/v2\/users\/6"}],"replies":[{"embeddable":true,"href":"https:\/\/standardspractices.ca\/fr\/wp-json\/wp\/v2\/comments?post=1779"}],"version-history":[{"count":1,"href":"https:\/\/standardspractices.ca\/fr\/wp-json\/wp\/v2\/pages\/1779\/revisions"}],"predecessor-version":[{"id":1780,"href":"https:\/\/standardspractices.ca\/fr\/wp-json\/wp\/v2\/pages\/1779\/revisions\/1780"}],"wp:attachment":[{"href":"https:\/\/standardspractices.ca\/fr\/wp-json\/wp\/v2\/media?parent=1779"}],"curies":[{"name":"wp","href":"https:\/\/api.w.org\/{rel}","templated":true}]}}